{"id":20,"date":"2025-11-27T11:37:53","date_gmt":"2025-11-27T10:37:53","guid":{"rendered":"https:\/\/yrestheticcenter.com\/?page_id=20"},"modified":"2025-12-01T12:23:22","modified_gmt":"2025-12-01T11:23:22","slug":"politica-de-cookies","status":"publish","type":"page","link":"https:\/\/yrestheticcenter.com\/index.php\/politica-de-cookies\/","title":{"rendered":"Pol\u00edtica de cookies"},"content":{"rendered":"\t\t<div data-elementor-type=\"wp-page\" data-elementor-id=\"20\" class=\"elementor elementor-20\" data-elementor-settings=\"{&quot;ha_cmc_init_switcher&quot;:&quot;no&quot;}\" data-elementor-post-type=\"page\">\n\t\t\t\t<div class=\"elementor-element elementor-element-9d07f61 e-flex e-con-boxed e-con e-parent\" data-id=\"9d07f61\" data-element_type=\"container\" data-e-type=\"container\" data-settings=\"{&quot;_ha_eqh_enable&quot;:false}\">\n\t\t\t\t\t<div class=\"e-con-inner\">\n\t\t\t\t<div class=\"elementor-element elementor-element-854c7cd elementor-widget-divider--view-line elementor-widget elementor-widget-divider\" data-id=\"854c7cd\" data-element_type=\"widget\" data-e-type=\"widget\" data-widget_type=\"divider.default\">\n\t\t\t\t\t\t\t<div class=\"elementor-divider\">\n\t\t\t<span class=\"elementor-divider-separator\">\n\t\t\t\t\t\t<\/span>\n\t\t<\/div>\n\t\t\t\t\t\t<\/div>\n\t\t\t\t\t<\/div>\n\t\t\t\t<\/div>\n\t\t<div class=\"elementor-element elementor-element-3b2ea2e e-flex e-con-boxed e-con e-parent\" data-id=\"3b2ea2e\" data-element_type=\"container\" data-e-type=\"container\" data-settings=\"{&quot;_ha_eqh_enable&quot;:false}\">\n\t\t\t\t\t<div class=\"e-con-inner\">\n\t\t\t\t<div class=\"elementor-element elementor-element-958fe42 elementor-widget elementor-widget-heading\" data-id=\"958fe42\" data-element_type=\"widget\" data-e-type=\"widget\" data-widget_type=\"heading.default\">\n\t\t\t\t\t<h2 class=\"elementor-heading-title elementor-size-default\">Pol\u00edtica de cookies<\/h2>\t\t\t\t<\/div>\n\t\t\t\t<div class=\"elementor-element elementor-element-cdfa093 elementor-widget-divider--view-line elementor-widget elementor-widget-divider\" data-id=\"cdfa093\" data-element_type=\"widget\" data-e-type=\"widget\" data-widget_type=\"divider.default\">\n\t\t\t\t\t\t\t<div class=\"elementor-divider\">\n\t\t\t<span class=\"elementor-divider-separator\">\n\t\t\t\t\t\t<\/span>\n\t\t<\/div>\n\t\t\t\t\t\t<\/div>\n\t\t\t\t\t<\/div>\n\t\t\t\t<\/div>\n\t\t<div class=\"elementor-element elementor-element-d3e2727 e-flex e-con-boxed e-con e-parent\" data-id=\"d3e2727\" data-element_type=\"container\" data-e-type=\"container\" data-settings=\"{&quot;_ha_eqh_enable&quot;:false}\">\n\t\t\t\t\t<div class=\"e-con-inner\">\n\t\t\t\t<div class=\"elementor-element elementor-element-ee6c6b5 elementor-widget elementor-widget-heading\" data-id=\"ee6c6b5\" data-element_type=\"widget\" data-e-type=\"widget\" data-widget_type=\"heading.default\">\n\t\t\t\t\t<h2 class=\"elementor-heading-title elementor-size-default\">\u00bfQu\u00e9 es una Cookie?<\/h2>\t\t\t\t<\/div>\n\t\t\t\t<div class=\"elementor-element elementor-element-fcf6cb2 elementor-widget elementor-widget-text-editor\" data-id=\"fcf6cb2\" data-element_type=\"widget\" data-e-type=\"widget\" data-widget_type=\"text-editor.default\">\n\t\t\t\t\t\t\t\t\t<p>Una cookie es un peque\u00f1o fichero de texto que un sitio web coloca en su pc, tel\u00e9fono o cualquier otro dispositivo, con informaci\u00f3n sobre su navegaci\u00f3n en dicho sitio. Es decir, es un fichero que se descarga en su ordenador al acceder a determinadas p\u00e1ginas web. Las cookies permiten a una p\u00e1gina web, entre otras cosas, almacenar y recuperar informaci\u00f3n sobre los h\u00e1bitos de navegaci\u00f3n de un usuario o de su equipo y, dependiendo de la informaci\u00f3n que contengan y de la forma en que utilice su equipo, pueden utilizarse para reconocer al usuario.<\/p>\t\t\t\t\t\t\t\t<\/div>\n\t\t\t\t\t<\/div>\n\t\t\t\t<\/div>\n\t\t<div class=\"elementor-element elementor-element-cc1bb7f e-flex e-con-boxed e-con e-parent\" data-id=\"cc1bb7f\" data-element_type=\"container\" data-e-type=\"container\" data-settings=\"{&quot;_ha_eqh_enable&quot;:false}\">\n\t\t\t\t\t<div class=\"e-con-inner\">\n\t\t\t\t<div class=\"elementor-element elementor-element-a3a91ac elementor-widget elementor-widget-heading\" data-id=\"a3a91ac\" data-element_type=\"widget\" data-e-type=\"widget\" data-widget_type=\"heading.default\">\n\t\t\t\t\t<h2 class=\"elementor-heading-title elementor-size-default\">\u00bfPara qu\u00e9 se utilizan las Cookies en este sitio web?<\/h2>\t\t\t\t<\/div>\n\t\t\t\t<div class=\"elementor-element elementor-element-76e1903 elementor-widget elementor-widget-text-editor\" data-id=\"76e1903\" data-element_type=\"widget\" data-e-type=\"widget\" data-widget_type=\"text-editor.default\">\n\t\t\t\t\t\t\t\t\t<p>Las cookies son una parte esencial de c\u00f3mo funciona nuestro sitio web. El objetivo principal de nuestras cookies es mejorar su experiencia de usuario en la navegaci\u00f3n permitiendo una navegaci\u00f3n m\u00e1s sencilla. Por ejemplo, a recordar (nombre, email de la pesta\u00f1a de contactos, datos para identificar el usuario y contrase\u00f1a de sesi\u00f3n, etc.) durante la navegaci\u00f3n y en futuras visitas.<br \/>En ocasiones, si hemos obtenido su previo consentimiento informado, podremos utilizar cookies, tags u otros dispositivos similares para obtener informaci\u00f3n que nos permita mostrarle desde nuestro sitio web, los de terceros (Facebook y Twitter).<\/p>\t\t\t\t\t\t\t\t<\/div>\n\t\t\t\t\t<\/div>\n\t\t\t\t<\/div>\n\t\t<div class=\"elementor-element elementor-element-34d0609 e-flex e-con-boxed e-con e-parent\" data-id=\"34d0609\" data-element_type=\"container\" data-e-type=\"container\" data-settings=\"{&quot;_ha_eqh_enable&quot;:false}\">\n\t\t\t\t\t<div class=\"e-con-inner\">\n\t\t\t\t<div class=\"elementor-element elementor-element-b985f10 elementor-widget elementor-widget-heading\" data-id=\"b985f10\" data-element_type=\"widget\" data-e-type=\"widget\" data-widget_type=\"heading.default\">\n\t\t\t\t\t<h2 class=\"elementor-heading-title elementor-size-default\">\u00bfQui\u00e9n utiliza la informaci\u00f3n almacenada en las Cookies?<\/h2>\t\t\t\t<\/div>\n\t\t\t\t<div class=\"elementor-element elementor-element-4e312f8 elementor-widget elementor-widget-text-editor\" data-id=\"4e312f8\" data-element_type=\"widget\" data-e-type=\"widget\" data-widget_type=\"text-editor.default\">\n\t\t\t\t\t\t\t\t\t<p>La informaci\u00f3n almacenada en las cookies de nuestro sitio web es utilizada exclusivamente por nosotros, a excepci\u00f3n de aquellas identificadas m\u00e1s adelante como \u201ccookie de terceros\u201d, que son utilizadas y gestionadas por entidades externas.<\/p>\t\t\t\t\t\t\t\t<\/div>\n\t\t\t\t\t<\/div>\n\t\t\t\t<\/div>\n\t\t<div class=\"elementor-element elementor-element-a12a453 e-flex e-con-boxed e-con e-parent\" data-id=\"a12a453\" data-element_type=\"container\" data-e-type=\"container\" data-settings=\"{&quot;_ha_eqh_enable&quot;:false}\">\n\t\t\t\t\t<div class=\"e-con-inner\">\n\t\t\t\t<div class=\"elementor-element elementor-element-9a21aa9 elementor-widget elementor-widget-heading\" data-id=\"9a21aa9\" data-element_type=\"widget\" data-e-type=\"widget\" data-widget_type=\"heading.default\">\n\t\t\t\t\t<h2 class=\"elementor-heading-title elementor-size-default\">\u00bfC\u00f3mo puedo evitar el uso de Cookies en este sitio web?<\/h2>\t\t\t\t<\/div>\n\t\t\t\t<div class=\"elementor-element elementor-element-ad34f72 elementor-widget elementor-widget-text-editor\" data-id=\"ad34f72\" data-element_type=\"widget\" data-e-type=\"widget\" data-widget_type=\"text-editor.default\">\n\t\t\t\t\t\t\t\t\t<p>Si usted prefiere evitar el uso de cookies en esta p\u00e1gina teniendo en cuenta las limitaciones anteriores debe, en primer lugar, deshabilitar en su navegador el uso de cookies y, en segundo lugar, eliminar las cookies guardadas en su navegador asociadas a este sitio web. Esta posibilidad de evitar el uso de cookies puede ser llevada a cabo por usted en cualquier momento.<\/p>\t\t\t\t\t\t\t\t<\/div>\n\t\t\t\t\t<\/div>\n\t\t\t\t<\/div>\n\t\t<div class=\"elementor-element elementor-element-18b8162 e-flex e-con-boxed e-con e-parent\" data-id=\"18b8162\" data-element_type=\"container\" data-e-type=\"container\" data-settings=\"{&quot;_ha_eqh_enable&quot;:false}\">\n\t\t\t\t\t<div class=\"e-con-inner\">\n\t\t\t\t<div class=\"elementor-element elementor-element-e35d5eb elementor-widget elementor-widget-heading\" data-id=\"e35d5eb\" data-element_type=\"widget\" data-e-type=\"widget\" data-widget_type=\"heading.default\">\n\t\t\t\t\t<h2 class=\"elementor-heading-title elementor-size-default\">\u00bfC\u00f3mo deshabilito y elimino la utilizaci\u00f3n de Cookies?<\/h2>\t\t\t\t<\/div>\n\t\t\t\t<div class=\"elementor-element elementor-element-d79c385 elementor-widget elementor-widget-text-editor\" data-id=\"d79c385\" data-element_type=\"widget\" data-e-type=\"widget\" data-widget_type=\"text-editor.default\">\n\t\t\t\t\t\t\t\t\t<p>Para restringir, bloquear o borrar las cookies de este sitio web puede hacerlo, en cualquier momento, modificando la configuraci\u00f3n de su navegador conforme a las pautas que se indican a continuaci\u00f3n. Si bien la parametrizaci\u00f3n de cada navegador es diferente, es habitual que la configuraci\u00f3n de las cookies se realice en el men\u00fa de \u201cpreferencias\u201d o \u201cherramientas\u201d. Para m\u00e1s detalle sobre la configuraci\u00f3n de las cookies en su navegador, consulte el men\u00fa \u201cayuda\u201d del mismo.<\/p>\t\t\t\t\t\t\t\t<\/div>\n\t\t\t\t\t<\/div>\n\t\t\t\t<\/div>\n\t\t<div class=\"elementor-element elementor-element-b249576 e-flex e-con-boxed e-con e-parent\" data-id=\"b249576\" data-element_type=\"container\" data-e-type=\"container\" data-settings=\"{&quot;_ha_eqh_enable&quot;:false}\">\n\t\t\t\t\t<div class=\"e-con-inner\">\n\t\t\t\t<div class=\"elementor-element elementor-element-6d23f41 elementor-widget elementor-widget-heading\" data-id=\"6d23f41\" data-element_type=\"widget\" data-e-type=\"widget\" data-widget_type=\"heading.default\">\n\t\t\t\t\t<h2 class=\"elementor-heading-title elementor-size-default\">\u00bfQu\u00e9 Cookies concretas utiliza este sitio web y para qu\u00e9 finalidades?<\/h2>\t\t\t\t<\/div>\n\t\t\t\t<div class=\"elementor-element elementor-element-c0127a3 elementor-widget elementor-widget-text-editor\" data-id=\"c0127a3\" data-element_type=\"widget\" data-e-type=\"widget\" data-widget_type=\"text-editor.default\">\n\t\t\t\t\t\t\t\t\t<p>A continuaci\u00f3n, se incluye un cuadro con las cookies t\u00e9cnicas y de personalizaci\u00f3n, tags u otros dispositivos similares utilizados por este sitio web, junto con la informaci\u00f3n sobre el prop\u00f3sito, duraci\u00f3n y gesti\u00f3n (propia y de terceros) de cada uno de ellos.<\/p><table><tbody><tr><td width=\"145\"><p><strong>COOKIES<\/strong><\/p><\/td><td width=\"325\"><p><strong>PROP\u00d3SITOS<\/strong><\/p><\/td><td width=\"104\"><p><strong>DURACI\u00d3N<\/strong><\/p><\/td><td width=\"83\"><p><strong>GESTI\u00d3N<\/strong><\/p><\/td><\/tr><tr><td width=\"145\"><p>Identificaci\u00f3n de usuario<\/p><\/td><td width=\"325\"><p>Estas cookies se utilizan para identificar al usuario durante la sesi\u00f3n, evitar que el usuario tenga que repetir procesos de autenticaci\u00f3n en la web, acelerar algunos procesos del sitio web,etc.<\/p><\/td><td width=\"104\"><p>Sesi\u00f3n<\/p><\/td><td width=\"83\"><p>Propias<\/p><\/td><\/tr><tr><td width=\"145\"><p>Identificaci\u00f3n del usuario<\/p><\/td><td width=\"325\"><p>Identifica la sesi\u00f3n http del usuario. Es com\u00fan en todas las aplicaciones web para identificar peticiones de un usuario en una sesi\u00f3n.<\/p><\/td><td width=\"104\"><p>Sesi\u00f3n<\/p><\/td><td width=\"83\"><p>Propias<\/p><\/td><\/tr><tr><td width=\"145\"><p>Estado de la navegaci\u00f3n<\/p><\/td><td width=\"325\"><p>Permite identificar en qu\u00e9 estado de navegaci\u00f3n se encuentra el usuario (inicio de la sesi\u00f3n, primera p\u00e1gina, primer acceso, etc.).<\/p><\/td><td width=\"104\"><p>Sesi\u00f3n<\/p><\/td><td width=\"83\"><p>Propias<\/p><\/td><\/tr><tr><td width=\"145\"><p>Protocolos<\/p><\/td><td width=\"325\"><p>Permite gestionar cambios entre dominio (protocolo) seguro (https) y no seguro (http)<\/p><\/td><td width=\"104\"><p>Sesi\u00f3n<\/p><\/td><td width=\"83\"><p>Propias<\/p><\/td><\/tr><tr><td width=\"145\"><p>De conversi\u00f3n<\/p><\/td><td width=\"325\"><p>Estos pixeles, presentes en la p\u00e1gina de noticias, permiten realizar el seguimiento de las noticias compartidas a trav\u00e9s del tr\u00e1fico generado por Facebook y Twitter. Realizado el seguimiento a trav\u00e9s de la plataforma Facebook y Twitter, la configuraci\u00f3n de estas cookies est\u00e1 predeterminada por el servicio ofrecido por Facebook y Twitter. Para obtener m\u00e1s informaci\u00f3n de las cookies que utiliza y de c\u00f3mo inhabilitarlas (teniendo en consideraci\u00f3n que no somos responsables del contenido ni la veracidad de los sitios web de terceros), acceda a estos: https:\/\/www.facebook.com\/help\/cookies\/?ref=sitefooter https:\/\/support.twitter.com\/articles\/20170521-el-uso-que-hace-twitter-de-cookies-y-tecnologias-similares<\/p><\/td><td width=\"104\"><p>Persistentes<\/p><\/td><td width=\"83\"><p>Terceros<\/p><\/td><\/tr><tr><td width=\"145\"><p>Google Analytics<\/p><\/td><td width=\"325\"><p>Permiten realizar el seguimiento del sitio web mediante la herramienta google analytics, que es un servicio proporcionado por google para obtener informaci\u00f3n de los accesos de los usuarios a los sitios web. Alguno de los datos guardados para an\u00e1lisis posteriores son: n\u00famero de veces que un usuario visita la web, fechas de la primera y \u00faltima visita del usuario, duraci\u00f3n de las visitas, desde qu\u00e9 p\u00e1gina accedi\u00f3 el usuario a la web, qu\u00e9 motor de b\u00fasqueda utiliz\u00f3 el usuario para llegar a la web o qu\u00e9 enlace hizo click, desde qu\u00e9 lugar del mundo accedi\u00f3 el usuario, etc.la configuraci\u00f3n de estas cookies est\u00e1 predeterminada por el servicio ofrecido por google, por lo que le sugerimos que consulte la p\u00e1gina de privacidad de google analytics, http:\/\/www.google.com\/intl\/es\/analytics\/privacyoverview.html, para obtener m\u00e1s informaci\u00f3n de las cookies que utiliza y de c\u00f3mo inhabilitarlas (teniendo en consideraci\u00f3n que no somos responsables del contenido ni la veracidad de los sitios web de terceros).<\/p><\/td><td width=\"104\"><p>Persistentes<\/p><\/td><td width=\"83\"><p>Terceros<\/p><\/td><\/tr><\/tbody><\/table>\t\t\t\t\t\t\t\t<\/div>\n\t\t\t\t\t<\/div>\n\t\t\t\t<\/div>\n\t\t<div class=\"elementor-element elementor-element-fb94b0a e-flex e-con-boxed e-con e-parent\" data-id=\"fb94b0a\" data-element_type=\"container\" data-e-type=\"container\" data-settings=\"{&quot;_ha_eqh_enable&quot;:false}\">\n\t\t\t\t\t<div class=\"e-con-inner\">\n\t\t\t\t<div class=\"elementor-element elementor-element-b025c8d elementor-widget-divider--view-line elementor-widget elementor-widget-divider\" data-id=\"b025c8d\" data-element_type=\"widget\" data-e-type=\"widget\" data-widget_type=\"divider.default\">\n\t\t\t\t\t\t\t<div class=\"elementor-divider\">\n\t\t\t<span class=\"elementor-divider-separator\">\n\t\t\t\t\t\t<\/span>\n\t\t<\/div>\n\t\t\t\t\t\t<\/div>\n\t\t\t\t\t<\/div>\n\t\t\t\t<\/div>\n\t\t\t\t<\/div>\n\t\t","protected":false},"excerpt":{"rendered":"<p>Pol\u00edtica de cookies \u00bfQu\u00e9 es una Cookie? Una cookie es un peque\u00f1o fichero de texto que un sitio web coloca [&hellip;]<\/p>\n","protected":false},"author":1,"featured_media":0,"parent":0,"menu_order":0,"comment_status":"closed","ping_status":"closed","template":"","meta":{"site-sidebar-layout":"no-sidebar","site-content-layout":"","ast-site-content-layout":"full-width-container","site-content-style":"default","site-sidebar-style":"default","ast-global-header-display":"","ast-banner-title-visibility":"","ast-main-header-display":"","ast-hfb-above-header-display":"","ast-hfb-below-header-display":"","ast-hfb-mobile-header-display":"","site-post-title":"disabled","ast-breadcrumbs-content":"","ast-featured-img":"disabled","footer-sml-layout":"","theme-transparent-header-meta":"","adv-header-id-meta":"","stick-header-meta":"","header-above-stick-meta":"","header-main-stick-meta":"","header-below-stick-meta":"","astra-migrate-meta-layouts":"default","ast-page-background-enabled":"default","ast-page-background-meta":{"desktop":{"background-color":"var(--ast-global-color-5)","background-image":"","background-repeat":"repeat","background-position":"center center","background-size":"auto","background-attachment":"scroll","background-type":"","background-media":"","overlay-type":"","overlay-color":"","overlay-opacity":"","overlay-gradient":""},"tablet":{"background-color":"","background-image":"","background-repeat":"repeat","background-position":"center center","background-size":"auto","background-attachment":"scroll","background-type":"","background-media":"","overlay-type":"","overlay-color":"","overlay-opacity":"","overlay-gradient":""},"mobile":{"background-color":"","background-image":"","background-repeat":"repeat","background-position":"center center","background-size":"auto","background-attachment":"scroll","background-type":"","background-media":"","overlay-type":"","overlay-color":"","overlay-opacity":"","overlay-gradient":""}},"ast-content-background-meta":{"desktop":{"background-color":"var(--ast-global-color-4)","background-image":"","background-repeat":"repeat","background-position":"center center","background-size":"auto","background-attachment":"scroll","background-type":"","background-media":"","overlay-type":"","overlay-color":"","overlay-opacity":"","overlay-gradient":""},"tablet":{"background-color":"var(--ast-global-color-4)","background-image":"","background-repeat":"repeat","background-position":"center center","background-size":"auto","background-attachment":"scroll","background-type":"","background-media":"","overlay-type":"","overlay-color":"","overlay-opacity":"","overlay-gradient":""},"mobile":{"background-color":"var(--ast-global-color-4)","background-image":"","background-repeat":"repeat","background-position":"center center","background-size":"auto","background-attachment":"scroll","background-type":"","background-media":"","overlay-type":"","overlay-color":"","overlay-opacity":"","overlay-gradient":""}},"footnotes":""},"class_list":["post-20","page","type-page","status-publish","hentry"],"yoast_head":"<!-- This site is optimized with the Yoast SEO plugin v26.8 - https:\/\/yoast.com\/product\/yoast-seo-wordpress\/ -->\n<title>Pol\u00edtica de cookies - YR Esthetic Center<\/title>\n<meta name=\"robots\" content=\"index, follow, max-snippet:-1, max-image-preview:large, max-video-preview:-1\" \/>\n<link rel=\"canonical\" href=\"https:\/\/yrestheticcenter.com\/index.php\/politica-de-cookies\/\" \/>\n<meta property=\"og:locale\" content=\"es_ES\" \/>\n<meta property=\"og:type\" content=\"article\" \/>\n<meta property=\"og:title\" content=\"Pol\u00edtica de cookies - YR Esthetic Center\" \/>\n<meta property=\"og:description\" content=\"Pol\u00edtica de cookies \u00bfQu\u00e9 es una Cookie? Una cookie es un peque\u00f1o fichero de texto que un sitio web coloca [&hellip;]\" \/>\n<meta property=\"og:url\" content=\"https:\/\/yrestheticcenter.com\/index.php\/politica-de-cookies\/\" \/>\n<meta property=\"og:site_name\" content=\"YR Esthetic Center\" \/>\n<meta property=\"article:modified_time\" content=\"2025-12-01T11:23:22+00:00\" \/>\n<meta name=\"twitter:card\" content=\"summary_large_image\" \/>\n<meta name=\"twitter:label1\" content=\"Tiempo de lectura\" \/>\n\t<meta name=\"twitter:data1\" content=\"4 minutos\" \/>\n<script type=\"application\/ld+json\" class=\"yoast-schema-graph\">{\"@context\":\"https:\/\/schema.org\",\"@graph\":[{\"@type\":\"WebPage\",\"@id\":\"https:\/\/yrestheticcenter.com\/index.php\/politica-de-cookies\/\",\"url\":\"https:\/\/yrestheticcenter.com\/index.php\/politica-de-cookies\/\",\"name\":\"Pol\u00edtica de cookies - YR Esthetic Center\",\"isPartOf\":{\"@id\":\"https:\/\/yrestheticcenter.com\/#website\"},\"datePublished\":\"2025-11-27T10:37:53+00:00\",\"dateModified\":\"2025-12-01T11:23:22+00:00\",\"breadcrumb\":{\"@id\":\"https:\/\/yrestheticcenter.com\/index.php\/politica-de-cookies\/#breadcrumb\"},\"inLanguage\":\"es\",\"potentialAction\":[{\"@type\":\"ReadAction\",\"target\":[\"https:\/\/yrestheticcenter.com\/index.php\/politica-de-cookies\/\"]}]},{\"@type\":\"BreadcrumbList\",\"@id\":\"https:\/\/yrestheticcenter.com\/index.php\/politica-de-cookies\/#breadcrumb\",\"itemListElement\":[{\"@type\":\"ListItem\",\"position\":1,\"name\":\"Portada\",\"item\":\"https:\/\/yrestheticcenter.com\/\"},{\"@type\":\"ListItem\",\"position\":2,\"name\":\"Pol\u00edtica de cookies\"}]},{\"@type\":\"WebSite\",\"@id\":\"https:\/\/yrestheticcenter.com\/#website\",\"url\":\"https:\/\/yrestheticcenter.com\/\",\"name\":\"YR Esthetic Center\",\"description\":\"\",\"publisher\":{\"@id\":\"https:\/\/yrestheticcenter.com\/#organization\"},\"potentialAction\":[{\"@type\":\"SearchAction\",\"target\":{\"@type\":\"EntryPoint\",\"urlTemplate\":\"https:\/\/yrestheticcenter.com\/?s={search_term_string}\"},\"query-input\":{\"@type\":\"PropertyValueSpecification\",\"valueRequired\":true,\"valueName\":\"search_term_string\"}}],\"inLanguage\":\"es\"},{\"@type\":\"Organization\",\"@id\":\"https:\/\/yrestheticcenter.com\/#organization\",\"name\":\"YR Esthetic Center\",\"url\":\"https:\/\/yrestheticcenter.com\/\",\"logo\":{\"@type\":\"ImageObject\",\"inLanguage\":\"es\",\"@id\":\"https:\/\/yrestheticcenter.com\/#\/schema\/logo\/image\/\",\"url\":\"https:\/\/yrestheticcenter.com\/wp-content\/uploads\/2025\/10\/WEB-YR-ESTHETIC-CENTER.png\",\"contentUrl\":\"https:\/\/yrestheticcenter.com\/wp-content\/uploads\/2025\/10\/WEB-YR-ESTHETIC-CENTER.png\",\"width\":1080,\"height\":1080,\"caption\":\"YR Esthetic Center\"},\"image\":{\"@id\":\"https:\/\/yrestheticcenter.com\/#\/schema\/logo\/image\/\"}}]}<\/script>\n<!-- \/ Yoast SEO plugin. -->","yoast_head_json":{"title":"Pol\u00edtica de cookies - YR Esthetic Center","robots":{"index":"index","follow":"follow","max-snippet":"max-snippet:-1","max-image-preview":"max-image-preview:large","max-video-preview":"max-video-preview:-1"},"canonical":"https:\/\/yrestheticcenter.com\/index.php\/politica-de-cookies\/","og_locale":"es_ES","og_type":"article","og_title":"Pol\u00edtica de cookies - YR Esthetic Center","og_description":"Pol\u00edtica de cookies \u00bfQu\u00e9 es una Cookie? Una cookie es un peque\u00f1o fichero de texto que un sitio web coloca [&hellip;]","og_url":"https:\/\/yrestheticcenter.com\/index.php\/politica-de-cookies\/","og_site_name":"YR Esthetic Center","article_modified_time":"2025-12-01T11:23:22+00:00","twitter_card":"summary_large_image","twitter_misc":{"Tiempo de lectura":"4 minutos"},"schema":{"@context":"https:\/\/schema.org","@graph":[{"@type":"WebPage","@id":"https:\/\/yrestheticcenter.com\/index.php\/politica-de-cookies\/","url":"https:\/\/yrestheticcenter.com\/index.php\/politica-de-cookies\/","name":"Pol\u00edtica de cookies - YR Esthetic Center","isPartOf":{"@id":"https:\/\/yrestheticcenter.com\/#website"},"datePublished":"2025-11-27T10:37:53+00:00","dateModified":"2025-12-01T11:23:22+00:00","breadcrumb":{"@id":"https:\/\/yrestheticcenter.com\/index.php\/politica-de-cookies\/#breadcrumb"},"inLanguage":"es","potentialAction":[{"@type":"ReadAction","target":["https:\/\/yrestheticcenter.com\/index.php\/politica-de-cookies\/"]}]},{"@type":"BreadcrumbList","@id":"https:\/\/yrestheticcenter.com\/index.php\/politica-de-cookies\/#breadcrumb","itemListElement":[{"@type":"ListItem","position":1,"name":"Portada","item":"https:\/\/yrestheticcenter.com\/"},{"@type":"ListItem","position":2,"name":"Pol\u00edtica de cookies"}]},{"@type":"WebSite","@id":"https:\/\/yrestheticcenter.com\/#website","url":"https:\/\/yrestheticcenter.com\/","name":"YR Esthetic Center","description":"","publisher":{"@id":"https:\/\/yrestheticcenter.com\/#organization"},"potentialAction":[{"@type":"SearchAction","target":{"@type":"EntryPoint","urlTemplate":"https:\/\/yrestheticcenter.com\/?s={search_term_string}"},"query-input":{"@type":"PropertyValueSpecification","valueRequired":true,"valueName":"search_term_string"}}],"inLanguage":"es"},{"@type":"Organization","@id":"https:\/\/yrestheticcenter.com\/#organization","name":"YR Esthetic Center","url":"https:\/\/yrestheticcenter.com\/","logo":{"@type":"ImageObject","inLanguage":"es","@id":"https:\/\/yrestheticcenter.com\/#\/schema\/logo\/image\/","url":"https:\/\/yrestheticcenter.com\/wp-content\/uploads\/2025\/10\/WEB-YR-ESTHETIC-CENTER.png","contentUrl":"https:\/\/yrestheticcenter.com\/wp-content\/uploads\/2025\/10\/WEB-YR-ESTHETIC-CENTER.png","width":1080,"height":1080,"caption":"YR Esthetic Center"},"image":{"@id":"https:\/\/yrestheticcenter.com\/#\/schema\/logo\/image\/"}}]}},"_links":{"self":[{"href":"https:\/\/yrestheticcenter.com\/index.php\/wp-json\/wp\/v2\/pages\/20","targetHints":{"allow":["GET"]}}],"collection":[{"href":"https:\/\/yrestheticcenter.com\/index.php\/wp-json\/wp\/v2\/pages"}],"about":[{"href":"https:\/\/yrestheticcenter.com\/index.php\/wp-json\/wp\/v2\/types\/page"}],"author":[{"embeddable":true,"href":"https:\/\/yrestheticcenter.com\/index.php\/wp-json\/wp\/v2\/users\/1"}],"replies":[{"embeddable":true,"href":"https:\/\/yrestheticcenter.com\/index.php\/wp-json\/wp\/v2\/comments?post=20"}],"version-history":[{"count":11,"href":"https:\/\/yrestheticcenter.com\/index.php\/wp-json\/wp\/v2\/pages\/20\/revisions"}],"predecessor-version":[{"id":550,"href":"https:\/\/yrestheticcenter.com\/index.php\/wp-json\/wp\/v2\/pages\/20\/revisions\/550"}],"wp:attachment":[{"href":"https:\/\/yrestheticcenter.com\/index.php\/wp-json\/wp\/v2\/media?parent=20"}],"curies":[{"name":"wp","href":"https:\/\/api.w.org\/{rel}","templated":true}]}}